{"id":10945,"date":"2017-08-16T19:35:15","date_gmt":"2017-08-16T19:35:15","guid":{"rendered":"https:\/\/linguarte.at\/preco-linguarte\/"},"modified":"2023-07-18T23:59:59","modified_gmt":"2023-07-18T21:59:59","slug":"por-que-linguarte","status":"publish","type":"page","link":"https:\/\/linguarte.at\/es\/por-que-linguarte\/","title":{"rendered":"\u00bfPor qu\u00e9 Linguarte?"},"content":{"rendered":"<p>[vc_row bg_type=\u00bbbg_color\u00bb bg_override=\u00bbex-full\u00bb css=\u00bb.vc_custom_1669844266173{padding-top: 60px !important;padding-bottom: 30px !important;}\u00bb bg_color_value=\u00bb#ffffff\u00bb][vc_column width=\u00bb1\/2&#8243; css=\u00bb.vc_custom_1493745432476{padding-left: 30px !important;}\u00bb][vc_custom_heading text=\u00bbAPRENDE ESPA\u00d1OL PARA TU VIAJE O VACACIONES\u00bb font_container=\u00bbtag:h2|text_align:center|line_height:150%25&#8243; use_theme_fonts=\u00bbyes\u00bb el_class=\u00bbunique-letter-spacing\u00bb][vc_empty_space height=\u00bb30&#8243;][vc_column_text]\u00bfPlaneas visitar Espa\u00f1a o Latinoam\u00e9rica para tus vacaciones?<\/p>\n<p>Los cursos de espa\u00f1ol de Linguarte te ense\u00f1an los temas esenciales para comunicar en tu viaje o vacaciones.<\/p>\n<p>Cada clase de espa\u00f1ol te muestra un tema nuevo comunicativo como ordenar en el restaurante, describir tu informaci\u00f3n personal, hablar de tus aficiones.<\/p>\n<p>Despu\u00e9s de cada curso, estar\u00e1s preparado para tener una conversaci\u00f3n normal con hablantes nativos de espa\u00f1ol.<\/p>\n<p>Vive tus vacaciones en Espa\u00f1a o Latinoam\u00e9rica de una forma aut\u00e9ntica y habla con los locales.[\/vc_column_text][\/vc_column][vc_column width=\u00bb1\/2&#8243; css=\u00bb.vc_custom_1493745628944{padding-right: 30px !important;}\u00bb][vc_single_image image=\u00bb11530&#8243; img_size=\u00bbfull\u00bb][\/vc_column][\/vc_row][vc_row bg_type=\u00bbbg_color\u00bb bg_override=\u00bbex-full\u00bb css=\u00bb.vc_custom_1669844273845{padding-top: 30px !important;padding-bottom: 30px !important;}\u00bb bg_color_value=\u00bb#ffffff\u00bb][vc_column width=\u00bb1\/2&#8243; css=\u00bb.vc_custom_1493745628944{padding-right: 30px !important;}\u00bb][vc_single_image image=\u00bb11518&#8243; img_size=\u00bbfull\u00bb][\/vc_column][vc_column width=\u00bb1\/2&#8243; css=\u00bb.vc_custom_1493745432476{padding-left: 30px !important;}\u00bb][vc_custom_heading text=\u00bbVIVE LA CULTURA HISPANOHABLANTE CON LOS CURSOS DE ESPA\u00d1OL\u00bb font_container=\u00bbtag:h2|text_align:center|line_height:150%25&#8243; use_theme_fonts=\u00bbyes\u00bb el_class=\u00bbunique-letter-spacing\u00bb][vc_empty_space height=\u00bb30&#8243;][vc_column_text]El idioma espa\u00f1ol es la clave que abre las puertas a la cultura hispanohablante.<\/p>\n<p>Nuestros cursos de espa\u00f1ol no solo te ense\u00f1an espa\u00f1ol sino tambi\u00e9n la rica cultura de Espa\u00f1a y Latinoam\u00e9rica.<\/p>\n<p>Cada clase de espa\u00f1ol incluye informaci\u00f3n de la m\u00fasica, baile, cinematograf\u00eda, pintura y literatura del pa\u00eds que te gusta.<\/p>\n<p>Disfruta y aprende muchas tradiciones locales interesantes y sorprendentes de la cultura hispanohablante.[\/vc_column_text][\/vc_column][\/vc_row][vc_row bg_type=\u00bbbg_color\u00bb bg_override=\u00bbex-full\u00bb css=\u00bb.vc_custom_1669844291663{padding-top: 30px !important;padding-bottom: 60px !important;}\u00bb bg_color_value=\u00bb#ffffff\u00bb][vc_column width=\u00bb1\/2&#8243; css=\u00bb.vc_custom_1493745432476{padding-left: 30px !important;}\u00bb][vc_custom_heading text=\u00bbCURSOS DIVERTIDOS Y COMUNICATIVOS\u00bb font_container=\u00bbtag:h2|text_align:center|line_height:150%25&#8243; use_theme_fonts=\u00bbyes\u00bb el_class=\u00bbunique-letter-spacing\u00bb][vc_empty_space height=\u00bb30&#8243;][vc_column_text]La cultura de Espa\u00f1a y Latinoam\u00e9rica es muy divertida y emocionante.<\/p>\n<p>Por esto, nuestros cursos de espa\u00f1ol son divertidos y con muchos juegos y actividades entretenidas.<\/p>\n<p>En cada clase de espa\u00f1ol, te reir\u00e1s mucho y pasar\u00e1s un tiempo muy agradable.<\/p>\n<p>Con nuestras lecciones de espa\u00f1ol, es posible aprender el espa\u00f1ol de forma agradable y sin estr\u00e9s.[\/vc_column_text][\/vc_column][vc_column width=\u00bb1\/2&#8243; css=\u00bb.vc_custom_1493745628944{padding-right: 30px !important;}\u00bb][vc_single_image image=\u00bb11522&#8243; img_size=\u00bbfull\u00bb][\/vc_column][\/vc_row][vc_row bg_type=\u00bbbg_color\u00bb bg_override=\u00bbex-full\u00bb css=\u00bb.vc_custom_1669844273845{padding-top: 30px !important;padding-bottom: 30px !important;}\u00bb bg_color_value=\u00bb#ffffff\u00bb][vc_column width=\u00bb1\/2&#8243; css=\u00bb.vc_custom_1493745628944{padding-right: 30px !important;}\u00bb][vc_single_image image=\u00bb11526&#8243; img_size=\u00bbfull\u00bb][\/vc_column][vc_column width=\u00bb1\/2&#8243; css=\u00bb.vc_custom_1493745432476{padding-left: 30px !important;}\u00bb][vc_custom_heading text=\u00bbPREP\u00c1RATE PARA TUS EXAMENES \u00bb font_container=\u00bbtag:h2|text_align:center|line_height:150%25&#8243; use_theme_fonts=\u00bbyes\u00bb el_class=\u00bbunique-letter-spacing\u00bb][vc_empty_space height=\u00bb30&#8243;][vc_column_text]Nuestra escuela de espa\u00f1ol te prepara para los ex\u00e1menes de espa\u00f1ol estatales o para el examen DELE.<\/p>\n<p>Nuestros profesores tienen mucha experiencia preparando estudiantes con resultados excelentes.<\/p>\n<p>Nosotros creamos un programa personalizado de espa\u00f1ol para tus necesidades espec\u00edficas.[\/vc_column_text][\/vc_column][\/vc_row][vc_row bg_type=\u00bbbg_color\u00bb bg_override=\u00bbfull\u00bb source=\u00bb\u00bb text=\u00bbNA\u0160I SLOVENSK\u00cd U\u010cITELIA\u00bb font_container=\u00bbtag:h2|font_size:25px|text_align:center|line_height:150%25&#8243; use_theme_fonts=\u00bb\u00bb google_fonts=\u00bbfont_family:Dosis%3A200%2C300%2Cregular%2C500%2C600%2C700%2C800|font_style:500%20bold%20regular%3A500%3Anormal\u00bb el_class=\u00bbunique-letter-spacing\u00bb link=\u00bb\u00bb bg_color_value=\u00bb#ededed\u00bb css=\u00bb.vc_custom_1669843904030{padding-top: 60px !important;padding-bottom: 60px !important;}\u00bb][vc_column][vc_custom_heading text=\u00bbNUESTRO M\u00c9TODO DE ENSE\u00d1ANZA DEL ESPA\u00d1OL\u00bb font_container=\u00bbtag:h2|text_align:center|line_height:150%25&#8243; use_theme_fonts=\u00bbyes\u00bb el_class=\u00bbunique-letter-spacing\u00bb][vc_empty_space height=\u00bb30&#8243;][vc_custom_heading text=\u00bbC\u00d3MO APRENDER ESLOVACO CON NUESTRO M\u00c9TODO\u00bb font_container=\u00bbtag:h3|font_size:18px|text_align:center|line_height:150%25&#8243; use_theme_fonts=\u00bbyes\u00bb el_class=\u00bbunique-letter-spacing\u00bb][vc_empty_space height=\u00bb30&#8243;][vc_custom_heading text=\u00bbLa gram\u00e1tica es un medio para aprender, no es la meta. \u00bb font_container=\u00bbtag:div|font_size:18px|text_align:center|line_height:150%25&#8243; use_theme_fonts=\u00bbyes\u00bb el_class=\u00bbunique-letter-spacing\u00bb][vc_empty_space height=\u00bb30&#8243;][vc_column_text]Posiblemente todos nosotros hemos tenido cursos de idiomas que usaron mucha gram\u00e1tica y pr\u00e1cticas escritas interminables. Sin embargo, esta forma de aprendizaje no nos prepara para tener una conversaci\u00f3n en espa\u00f1ol en una situaci\u00f3n real.<\/p>\n<p>No nos gusta esto y por esto decidimos solucionarlo. Entonces, creamos el m\u00e9todo Linguarte bajo dos principios:<\/p>\n<p>El primero considera que comunicar es la prioridad y la gram\u00e1tica es una herramienta. Necesitamos hablar y usar la gram\u00e1tica, no enfocarse en pr\u00e1cticas escritas gramaticales.<\/p>\n<p>El segundo considera que, al comunicar, nos enfocamos en tareas espec\u00edficas que queremos cumplir. Y por esto, si queremos aprender bien, tenemos que ser capaces de hablar sobre situaciones cotidianas cercanas a nuestra vida y necesidades.<\/p>\n<p>La uni\u00f3n de ambos principios garantiza una mejora del aprendizaje y fluidez para hablar sin olvidar las otras destrezas necesarias para el aprendizaje exitoso de una lengua (escuchar, escribir y leer).<\/p>\n<p>Adem\u00e1s, nuestro m\u00e9todo estimula una participaci\u00f3n activa y cooperativa de los estudiantes en un ambiente de alta motivaci\u00f3n y confianza donde tu tiempo y esfuerzo se ver\u00e1n recompensados al hablar la lengua.[\/vc_column_text][\/vc_column][\/vc_row][vc_row bg_type=\u00bbbg_color\u00bb bg_override=\u00bbex-full\u00bb css=\u00bb.vc_custom_1669844137604{padding-top: 60px !important;padding-bottom: 60px !important;}\u00bb bg_color_value=\u00bb#ffffff\u00bb][vc_column][vc_custom_heading text=\u00bbNUESTRO LIBRO DE ENSE\u00d1ANZA DEL ESPA\u00d1OL\u00bb font_container=\u00bbtag:h2|text_align:center|line_height:150%25&#8243; use_theme_fonts=\u00bbyes\u00bb el_class=\u00bbunique-letter-spacing\u00bb][vc_empty_space height=\u00bb30&#8243;][vc_custom_heading text=\u00bbC\u00d3MO APRENDER ESPA\u00d1OL CON NUESTRO LIBRO\u00bb font_container=\u00bbtag:h3|font_size:18px|text_align:center|line_height:150%25&#8243; use_theme_fonts=\u00bbyes\u00bb el_class=\u00bbunique-letter-spacing\u00bb][vc_empty_space height=\u00bb30&#8243;][vc_custom_heading text=\u00bbEl libro es una herramienta para la conversaci\u00f3n.\u00bb font_container=\u00bbtag:div|font_size:18px|text_align:center|line_height:150%25&#8243; use_theme_fonts=\u00bbyes\u00bb el_class=\u00bbunique-letter-spacing\u00bb][vc_empty_space height=\u00bb30&#8243;][vc_row_inner][vc_column_inner width=\u00bb1\/2&#8243;][vc_column_text]Los libros de Linguarte son \u00fanicos y fueron creados para responder a la necesidad de ense\u00f1ar la lengua para comunicar y usarla en contextos reales.<\/p>\n<p>Est\u00e1 comprobado que para hablar una lengua no necesitas ejercicios de gram\u00e1tica ni un enfoque en la escritura. Por el contrario, necesitas comunicar y repetir al m\u00e1ximo.<\/p>\n<p>Por esto, nuestros libros te ense\u00f1an las palabras necesarias para completar tareas de comunicaci\u00f3n. Cada lecci\u00f3n est\u00e1 dividida en peque\u00f1as escenas en diferentes sitios con las cuales practicas para ser capaz de repetirlas en un escenario real.<\/p>\n<p>Cada lecci\u00f3n del libro te da un grupo de las palabras m\u00e1s importantes de cada contexto (por ejemplo, en el restaurante, en el viaje) y de forma progresiva te da estructuras m\u00e1s elaboradas. Esto se complementa con la clase activa donde el profesor apoya la conversaci\u00f3n de cada estudiante en esas estructuras para que r\u00e1pidamente las puedes aprender.<\/p>\n<p>La gram\u00e1tica y las estructuras se aprenden practicando con ellas y jugando sin necesidad de ejercicios interminables.<\/p>\n<p>El libro completo Linguarte est\u00e1 dividido en tres partes, cada una contiene lecciones de temas actuales y cubre el vocabulario que los hablantes nativos usan en la vida real.[\/vc_column_text][\/vc_column_inner][vc_column_inner width=\u00bb1\/2&#8243;][vc_single_image image=\u00bb10138&#8243; img_size=\u00bbfull\u00bb alignment=\u00bbcenter\u00bb style=\u00bbvc_box_rounded\u00bb][\/vc_column_inner][\/vc_row_inner][\/vc_column][\/vc_row]<\/p>\n","protected":false},"excerpt":{"rendered":"<p>[vc_row bg_type=\u00bbbg_color\u00bb bg_override=\u00bbex-full\u00bb css=\u00bb.vc_custom_1669844266173{padding-top: 60px !important;padding-bottom: 30px !important;}\u00bb bg_color_value=\u00bb#ffffff\u00bb][vc_column width=\u00bb1\/2&#8243; css=\u00bb.vc_custom_1493745432476{padding-left: 30px !important;}\u00bb][vc_custom_heading text=\u00bbAPRENDE ESPA\u00d1OL PARA TU VIAJE O VACACIONES\u00bb font_container=\u00bbtag:h2|text_align:center|line_height:150%25&#8243; use_theme_fonts=\u00bbyes\u00bb el_class=\u00bbunique-letter-spacing\u00bb][vc_empty_space height=\u00bb30&#8243;][vc_column_text]\u00bfPlaneas visitar Espa\u00f1a o Latinoam\u00e9rica para tus vacaciones? Los cursos de espa\u00f1ol de Linguarte te ense\u00f1an los temas esenciales para comunicar en tu viaje o vacaciones. Cada clase de espa\u00f1ol te muestra [&hellip;]<\/p>\n","protected":false},"author":1,"featured_media":0,"parent":0,"menu_order":0,"comment_status":"closed","ping_status":"closed","template":"template-home.php","meta":[],"_links":{"self":[{"href":"https:\/\/linguarte.at\/es\/wp-json\/wp\/v2\/pages\/10945"}],"collection":[{"href":"https:\/\/linguarte.at\/es\/wp-json\/wp\/v2\/pages"}],"about":[{"href":"https:\/\/linguarte.at\/es\/wp-json\/wp\/v2\/types\/page"}],"author":[{"embeddable":true,"href":"https:\/\/linguarte.at\/es\/wp-json\/wp\/v2\/users\/1"}],"replies":[{"embeddable":true,"href":"https:\/\/linguarte.at\/es\/wp-json\/wp\/v2\/comments?post=10945"}],"version-history":[{"count":5,"href":"https:\/\/linguarte.at\/es\/wp-json\/wp\/v2\/pages\/10945\/revisions"}],"predecessor-version":[{"id":11534,"href":"https:\/\/linguarte.at\/es\/wp-json\/wp\/v2\/pages\/10945\/revisions\/11534"}],"wp:attachment":[{"href":"https:\/\/linguarte.at\/es\/wp-json\/wp\/v2\/media?parent=10945"}],"curies":[{"name":"wp","href":"https:\/\/api.w.org\/{rel}","templated":true}]}}