{"id":10958,"date":"2017-08-16T19:34:52","date_gmt":"2017-08-16T17:34:52","guid":{"rendered":"https:\/\/linguarte.at\/jazykove-kurzy\/"},"modified":"2023-07-19T01:24:16","modified_gmt":"2023-07-18T23:24:16","slug":"cursos","status":"publish","type":"page","link":"https:\/\/linguarte.at\/es\/cursos\/","title":{"rendered":"Cursos"},"content":{"rendered":"<p>[vc_row equal_height=\u00bbyes\u00bb css=\u00bb.vc_custom_1673832988387{padding-top: 60px !important;padding-bottom: 30px !important;}\u00bb][vc_column width=\u00bb1\/3&#8243;][vc_custom_heading text=\u00bbCURSOS GRUPALES DE ESPA\u00d1OL\u00bb font_container=\u00bbtag:h3|text_align:center\u00bb use_theme_fonts=\u00bbyes\u00bb el_class=\u00bbunique-letter-spacing\u00bb][vc_empty_space height=\u00bb30&#8243;][vc_column_text]<\/p>\n<div class=\"wpb_text_column wpb_content_element vc_custom_1515617163233\">\n<div class=\"wpb_wrapper\">\n<p style=\"text-align: center;\">En este curso aprendes espa\u00f1ol r\u00e1pido y divertidamente mientras hablas espa\u00f1ol con tus amigos y compa\u00f1eros de clases.<\/p>\n<p style=\"text-align: center;\">Los cursos de espa\u00f1ol grupales te ense\u00f1an los temas m\u00e1s importantes para comunicar y viajar.<\/p>\n<\/div>\n<\/div>\n<p>[\/vc_column_text][vc_empty_space height=\u00bb30&#8243;][vc_btn title=\u00bbCURSOS GRUPALES DE ESPA\u00d1OL\u00bb style=\u00bbcustom\u00bb custom_background=\u00bb#00837f\u00bb custom_text=\u00bb#ffffff\u00bb align=\u00bbcenter\u00bb link=\u00bburl:https%3A%2F%2Flinguarte.at%2Fes%2Fcursos%2Fcursos-grupales%2F\u00bb][\/vc_column][vc_column width=\u00bb1\/3&#8243;][vc_custom_heading text=\u00bbCURSOS DE ESPA\u00d1OL INDIVIDUAL\u00bb font_container=\u00bbtag:h3|text_align:center\u00bb use_theme_fonts=\u00bbyes\u00bb el_class=\u00bbunique-letter-spacing\u00bb][vc_empty_space height=\u00bb30&#8243;][vc_column_text]<\/p>\n<p style=\"text-align: center;\">Estudia la lengua espa\u00f1ola a tu ritmo y en el horario que desees.<\/p>\n<p style=\"text-align: center;\">Los cursos de espa\u00f1ol individual est\u00e1n hechos para las personas que quieren aprender espa\u00f1ol m\u00e1s r\u00e1pido y en los temas que necesites.<\/p>\n<p>[\/vc_column_text][vc_empty_space height=\u00bb35&#8243;][vc_btn title=\u00bbCURSOS DE ESPA\u00d1OL INDIVIDUAL\u00bb style=\u00bbcustom\u00bb custom_background=\u00bb#00837f\u00bb custom_text=\u00bb#ffffff\u00bb align=\u00bbcenter\u00bb link=\u00bburl:https%3A%2F%2Flinguarte.at%2Fes%2Fcursos%2Fcursos-de-espanol-individual%2F|title:CURSOS%20DE%20ESPA%C3%91OL%20INDIVIDUAL\u00bb][\/vc_column][vc_column width=\u00bb1\/3&#8243;][vc_custom_heading text=\u00bbCURSOS INTENSIVOS DE ESPA\u00d1OL\u00bb font_container=\u00bbtag:h3|text_align:center\u00bb use_theme_fonts=\u00bbyes\u00bb el_class=\u00bbunique-letter-spacing\u00bb][vc_empty_space height=\u00bb30&#8243;][vc_column_text]<\/p>\n<p style=\"text-align: center;\">Si necesitas estudiar la lengua espa\u00f1ola urgente y r\u00e1pidamente, nosotros te ayudamos a hacerlo.<\/p>\n<p style=\"text-align: center;\">Los cursos de espa\u00f1ol intensivo est\u00e1n dise\u00f1ados para ense\u00f1arte el espa\u00f1ol de la forma m\u00e1s eficiente y r\u00e1pida.<\/p>\n<p>[\/vc_column_text][vc_empty_space height=\u00bb35&#8243;][vc_btn title=\u00bbCURSOS INTENSIVOS DE ESPA\u00d1OL\u00bb style=\u00bbcustom\u00bb custom_background=\u00bb#00837f\u00bb custom_text=\u00bb#ffffff\u00bb align=\u00bbcenter\u00bb link=\u00bburl:https%3A%2F%2Flinguarte.at%2Fes%2Fcursos%2Fcursos-de-espanol-individual%2F|title:CURSOS%20INTENSIVOS%20DE%20ESPA%C3%91OL\u00bb][\/vc_column][\/vc_row][vc_row css=\u00bb.vc_custom_1669861230071{padding-top: 30px !important;padding-bottom: 30px !important;}\u00bb][vc_column width=\u00bb1\/2&#8243;][vc_custom_heading text=\u00bbCURSOS DE ESPA\u00d1OL PARA VIAJAR\u00bb font_container=\u00bbtag:h3|text_align:center\u00bb use_theme_fonts=\u00bbyes\u00bb el_class=\u00bbunique-letter-spacing\u00bb][vc_empty_space height=\u00bb30&#8243;][vc_column_text]<\/p>\n<p style=\"text-align: center;\">La competitividad de las compa\u00f1\u00edas depende de la preparaci\u00f3n de sus empleados en \u00e1reas esenciales como el aprendizaje de idiomas.<\/p>\n<p style=\"text-align: center;\">Nuestro programa de espa\u00f1ol para compa\u00f1\u00edas capacita a personas que necesitan aprender el idioma espa\u00f1ol como herramienta para sus labores profesionales.<\/p>\n<p>[\/vc_column_text][vc_empty_space height=\u00bb65&#8243;][vc_btn title=\u00bbCURSOS DE ESPA\u00d1OL PARA VIAJAR\u00bb style=\u00bbcustom\u00bb custom_background=\u00bb#00837f\u00bb custom_text=\u00bb#ffffff\u00bb align=\u00bbcenter\u00bb link=\u00bburl:https%3A%2F%2Flinguarte.at%2Fes%2Fcursos%2Fcursos-de-espanol-para-viajar%2F|title:CURSOS%20DE%20ESPA%C3%91OL%20PARA%20VIAJAR\u00bb][\/vc_column][vc_column width=\u00bb1\/2&#8243;][vc_custom_heading text=\u00bbCURSOS DE ESPA\u00d1OL PARA COMPA\u00d1\u00cdAS\u00bb font_container=\u00bbtag:h3|text_align:center\u00bb use_theme_fonts=\u00bbyes\u00bb el_class=\u00bbunique-letter-spacing\u00bb][vc_empty_space height=\u00bb30&#8243;][vc_column_text]<\/p>\n<p style=\"text-align: center;\">Las clases de espa\u00f1ol para viajar te ense\u00f1an los temas esenciales para comunicar en un pa\u00eds hispanohablante.<\/p>\n<p style=\"text-align: center;\">Nuestros cursos de viaje tambi\u00e9n te ense\u00f1an el acento espec\u00edfico del pa\u00eds que vas a visitar y sus detalles culturales.<\/p>\n<p>[\/vc_column_text][vc_empty_space height=\u00bb40&#8243;][vc_btn title=\u00bbCURSOS DE ESPA\u00d1OL PARA COMPA\u00d1\u00cdAS\u00bb style=\u00bbcustom\u00bb custom_background=\u00bb#00837f\u00bb custom_text=\u00bb#ffffff\u00bb align=\u00bbcenter\u00bb link=\u00bburl:https%3A%2F%2Flinguarte.at%2Fes%2Fcursos%2Fcursos-de-espanol-para-companias%2F|title:CURSOS%20DE%20ESPA%C3%91OL%20PARA%20COMPA%C3%91%C3%8DAS\u00bb][\/vc_column][\/vc_row]<\/p>\n","protected":false},"excerpt":{"rendered":"<p>[vc_row equal_height=\u00bbyes\u00bb css=\u00bb.vc_custom_1673832988387{padding-top: 60px !important;padding-bottom: 30px !important;}\u00bb][vc_column width=\u00bb1\/3&#8243;][vc_custom_heading text=\u00bbCURSOS GRUPALES DE ESPA\u00d1OL\u00bb font_container=\u00bbtag:h3|text_align:center\u00bb use_theme_fonts=\u00bbyes\u00bb el_class=\u00bbunique-letter-spacing\u00bb][vc_empty_space height=\u00bb30&#8243;][vc_column_text] En este curso aprendes espa\u00f1ol r\u00e1pido y divertidamente mientras hablas espa\u00f1ol con tus amigos y compa\u00f1eros de clases. Los cursos de espa\u00f1ol grupales te ense\u00f1an los temas m\u00e1s importantes para comunicar y viajar. [\/vc_column_text][vc_empty_space height=\u00bb30&#8243;][vc_btn title=\u00bbCURSOS GRUPALES DE ESPA\u00d1OL\u00bb [&hellip;]<\/p>\n","protected":false},"author":1,"featured_media":0,"parent":0,"menu_order":0,"comment_status":"closed","ping_status":"closed","template":"page.php","meta":[],"_links":{"self":[{"href":"https:\/\/linguarte.at\/es\/wp-json\/wp\/v2\/pages\/10958"}],"collection":[{"href":"https:\/\/linguarte.at\/es\/wp-json\/wp\/v2\/pages"}],"about":[{"href":"https:\/\/linguarte.at\/es\/wp-json\/wp\/v2\/types\/page"}],"author":[{"embeddable":true,"href":"https:\/\/linguarte.at\/es\/wp-json\/wp\/v2\/users\/1"}],"replies":[{"embeddable":true,"href":"https:\/\/linguarte.at\/es\/wp-json\/wp\/v2\/comments?post=10958"}],"version-history":[{"count":5,"href":"https:\/\/linguarte.at\/es\/wp-json\/wp\/v2\/pages\/10958\/revisions"}],"predecessor-version":[{"id":11556,"href":"https:\/\/linguarte.at\/es\/wp-json\/wp\/v2\/pages\/10958\/revisions\/11556"}],"wp:attachment":[{"href":"https:\/\/linguarte.at\/es\/wp-json\/wp\/v2\/media?parent=10958"}],"curies":[{"name":"wp","href":"https:\/\/api.w.org\/{rel}","templated":true}]}}